{"id":1687,"date":"2025-12-11T17:01:12","date_gmt":"2025-12-11T17:01:12","guid":{"rendered":"http:\/\/www.totuldespreavc.ro\/?page_id=1687"},"modified":"2026-04-14T16:49:56","modified_gmt":"2026-04-14T16:49:56","slug":"implica-te","status":"publish","type":"page","link":"https:\/\/www.totuldespreavc.ro\/implica-te\/","title":{"rendered":"Implic\u0103-te"},"content":{"rendered":"\t\t<div data-elementor-type=\"wp-page\" data-elementor-id=\"1687\" class=\"elementor elementor-1687\">\n\t\t\t\t<div class=\"elementor-element elementor-element-5e7d116f page-hero e-flex e-con-boxed wpr-particle-no wpr-jarallax-no wpr-parallax-no wpr-sticky-section-no wpr-equal-height-no e-con e-parent\" data-id=\"5e7d116f\" data-element_type=\"container\" data-e-type=\"container\" data-settings=\"{&quot;background_background&quot;:&quot;classic&quot;}\">\n\t\t\t\t\t<div class=\"e-con-inner\">\n\t\t\t\t<div class=\"elementor-element elementor-element-1ec91ed6 elementor-widget elementor-widget-heading\" data-id=\"1ec91ed6\" data-element_type=\"widget\" data-e-type=\"widget\" data-widget_type=\"heading.default\">\n\t\t\t\t\t<h1 class=\"elementor-heading-title elementor-size-default\">Implic\u0103-te<\/h1>\t\t\t\t<\/div>\n\t\t\t\t\t<\/div>\n\t\t\t\t<\/div>\n\t\t<div class=\"elementor-element elementor-element-dffab56 e-flex e-con-boxed wpr-particle-no wpr-jarallax-no wpr-parallax-no wpr-sticky-section-no wpr-equal-height-no e-con e-parent\" data-id=\"dffab56\" data-element_type=\"container\" data-e-type=\"container\">\n\t\t\t\t\t<div class=\"e-con-inner\">\n\t\t<div class=\"elementor-element elementor-element-884f119 e-con-full e-flex wpr-particle-no wpr-jarallax-no wpr-parallax-no wpr-sticky-section-no wpr-equal-height-no e-con e-child\" data-id=\"884f119\" data-element_type=\"container\" data-e-type=\"container\">\n\t\t<div class=\"elementor-element elementor-element-c2f98d5 e-con-full e-flex wpr-particle-no wpr-jarallax-no wpr-parallax-no wpr-sticky-section-no wpr-equal-height-no e-con e-child\" data-id=\"c2f98d5\" data-element_type=\"container\" data-e-type=\"container\">\n\t\t\t\t<div class=\"elementor-element elementor-element-666a512 elementor-widget elementor-widget-heading\" data-id=\"666a512\" data-element_type=\"widget\" data-e-type=\"widget\" data-widget_type=\"heading.default\">\n\t\t\t\t\t<h2 class=\"elementor-heading-title elementor-size-default\">Redirec\u021bioneaz\u0103 3.5% din impozit<\/h2>\t\t\t\t<\/div>\n\t\t\t\t<\/div>\n\t\t<div class=\"elementor-element elementor-element-48736f7 e-con-full e-flex wpr-particle-no wpr-jarallax-no wpr-parallax-no wpr-sticky-section-no wpr-equal-height-no e-con e-child\" data-id=\"48736f7\" data-element_type=\"container\" data-e-type=\"container\">\n\t\t\t\t<div class=\"elementor-element elementor-element-1f32702 elementor-widget elementor-widget-text-editor\" data-id=\"1f32702\" data-element_type=\"widget\" data-e-type=\"widget\" data-widget_type=\"text-editor.default\">\n\t\t\t\t\t\t\t\t\t<p>Statul \u00ee\u021bi permite s\u0103 decizi unde merg <strong data-start=\"117\" data-end=\"148\">3,5% din impozitul pe venit<\/strong>. Dac\u0103 nu alegi, suma r\u0103m\u00e2ne la stat.<br \/><br data-start=\"185\" data-end=\"188\" \/>Redirec\u021bioneaz\u0103 <strong data-start=\"202\" data-end=\"231\">3,5% c\u0103tre Asocia\u021bia ACTA<\/strong> \u0219i sprijin\u0103 pacien\u021bii afecta\u021bi de AVC.<br data-start=\"135\" data-end=\"138\" \/><br \/>P\u00e2n\u0103 la <strong data-start=\"146\" data-end=\"156\">25 mai<\/strong>, completeaz\u0103 Formularul 230.<\/p>\t\t\t\t\t\t\t\t<\/div>\n\t\t\t\t<div class=\"elementor-element elementor-element-d3adf3d elementor-align-justify elementor-widget elementor-widget-button\" data-id=\"d3adf3d\" data-element_type=\"widget\" data-e-type=\"widget\" data-widget_type=\"button.default\">\n\t\t\t\t\t\t\t\t\t\t<a class=\"elementor-button elementor-button-link elementor-size-sm\" href=\"https:\/\/formular230.ro\/asociatia-pentru-combaterea-si-tratamentul-avc-ului-acta\" target=\"_blank\" id=\"donate\" rel=\"nofollow noopener\">\n\t\t\t\t\t\t<span class=\"elementor-button-content-wrapper\">\n\t\t\t\t\t\t\t\t\t<span class=\"elementor-button-text\">Completeaz\u0103 formularul online<\/span>\n\t\t\t\t\t<\/span>\n\t\t\t\t\t<\/a>\n\t\t\t\t\t\t\t\t<\/div>\n\t\t\t\t<\/div>\n\t\t\t\t<\/div>\n\t\t<div class=\"elementor-element elementor-element-c2694b8 e-con-full e-flex wpr-particle-no wpr-jarallax-no wpr-parallax-no wpr-sticky-section-no wpr-equal-height-no e-con e-child\" data-id=\"c2694b8\" data-element_type=\"container\" data-e-type=\"container\">\n\t\t\t\t<div class=\"elementor-element elementor-element-0888193 elementor-widget elementor-widget-image\" data-id=\"0888193\" data-element_type=\"widget\" data-e-type=\"widget\" data-widget_type=\"image.default\">\n\t\t\t\t\t\t\t\t\t\t\t\t\t\t\t<img fetchpriority=\"high\" decoding=\"async\" width=\"960\" height=\"540\" src=\"https:\/\/www.totuldespreavc.ro\/wp-content\/uploads\/2025\/12\/signing-a-form-1024x576.jpg\" class=\"attachment-large size-large wp-image-1697\" alt=\"semnarea unui act\" srcset=\"https:\/\/www.totuldespreavc.ro\/wp-content\/uploads\/2025\/12\/signing-a-form-1024x576.jpg 1024w, https:\/\/www.totuldespreavc.ro\/wp-content\/uploads\/2025\/12\/signing-a-form-300x169.jpg 300w, https:\/\/www.totuldespreavc.ro\/wp-content\/uploads\/2025\/12\/signing-a-form-768x432.jpg 768w, https:\/\/www.totuldespreavc.ro\/wp-content\/uploads\/2025\/12\/signing-a-form-1536x864.jpg 1536w, https:\/\/www.totuldespreavc.ro\/wp-content\/uploads\/2025\/12\/signing-a-form-2048x1152.jpg 2048w\" sizes=\"(max-width: 960px) 100vw, 960px\" \/>\t\t\t\t\t\t\t\t\t\t\t\t\t\t\t<\/div>\n\t\t\t\t<\/div>\n\t\t\t\t\t<\/div>\n\t\t\t\t<\/div>\n\t\t<div class=\"elementor-element elementor-element-89d0400 e-flex e-con-boxed wpr-particle-no wpr-jarallax-no wpr-parallax-no wpr-sticky-section-no wpr-equal-height-no e-con e-parent\" data-id=\"89d0400\" data-element_type=\"container\" data-e-type=\"container\">\n\t\t\t\t\t<div class=\"e-con-inner\">\n\t\t<div class=\"elementor-element elementor-element-6a4e4c9 e-con-full e-flex wpr-particle-no wpr-jarallax-no wpr-parallax-no wpr-sticky-section-no wpr-equal-height-no e-con e-child\" data-id=\"6a4e4c9\" data-element_type=\"container\" data-e-type=\"container\">\n\t\t\t\t<div class=\"elementor-element elementor-element-b8e6799 elementor-widget elementor-widget-image\" data-id=\"b8e6799\" data-element_type=\"widget\" data-e-type=\"widget\" data-widget_type=\"image.default\">\n\t\t\t\t\t\t\t\t\t\t\t\t\t\t\t<img decoding=\"async\" width=\"960\" height=\"540\" src=\"https:\/\/www.totuldespreavc.ro\/wp-content\/uploads\/2025\/12\/man-holding-white-piggy-bank-1024x576.jpg\" class=\"attachment-large size-large wp-image-1701\" alt=\"pusculita alba\" srcset=\"https:\/\/www.totuldespreavc.ro\/wp-content\/uploads\/2025\/12\/man-holding-white-piggy-bank-1024x576.jpg 1024w, https:\/\/www.totuldespreavc.ro\/wp-content\/uploads\/2025\/12\/man-holding-white-piggy-bank-300x169.jpg 300w, https:\/\/www.totuldespreavc.ro\/wp-content\/uploads\/2025\/12\/man-holding-white-piggy-bank-768x432.jpg 768w, https:\/\/www.totuldespreavc.ro\/wp-content\/uploads\/2025\/12\/man-holding-white-piggy-bank-1536x864.jpg 1536w, https:\/\/www.totuldespreavc.ro\/wp-content\/uploads\/2025\/12\/man-holding-white-piggy-bank-2048x1152.jpg 2048w\" sizes=\"(max-width: 960px) 100vw, 960px\" \/>\t\t\t\t\t\t\t\t\t\t\t\t\t\t\t<\/div>\n\t\t\t\t<\/div>\n\t\t<div class=\"elementor-element elementor-element-ecc6ee7 e-con-full e-flex wpr-particle-no wpr-jarallax-no wpr-parallax-no wpr-sticky-section-no wpr-equal-height-no e-con e-child\" data-id=\"ecc6ee7\" data-element_type=\"container\" data-e-type=\"container\">\n\t\t<div class=\"elementor-element elementor-element-ef36e34 e-con-full e-flex wpr-particle-no wpr-jarallax-no wpr-parallax-no wpr-sticky-section-no wpr-equal-height-no e-con e-child\" data-id=\"ef36e34\" data-element_type=\"container\" data-e-type=\"container\">\n\t\t\t\t<div class=\"elementor-element elementor-element-49cfd79 elementor-widget elementor-widget-heading\" data-id=\"49cfd79\" data-element_type=\"widget\" data-e-type=\"widget\" data-widget_type=\"heading.default\">\n\t\t\t\t\t<h2 class=\"elementor-heading-title elementor-size-default\">Doneaz\u0103 prin transfer bancar<\/h2>\t\t\t\t<\/div>\n\t\t\t\t<\/div>\n\t\t<div class=\"elementor-element elementor-element-3e7d517 e-con-full e-flex wpr-particle-no wpr-jarallax-no wpr-parallax-no wpr-sticky-section-no wpr-equal-height-no e-con e-child\" data-id=\"3e7d517\" data-element_type=\"container\" data-e-type=\"container\">\n\t\t\t\t<div class=\"elementor-element elementor-element-fa7ccbd elementor-widget elementor-widget-text-editor\" data-id=\"fa7ccbd\" data-element_type=\"widget\" data-e-type=\"widget\" data-widget_type=\"text-editor.default\">\n\t\t\t\t\t\t\t\t\t<p data-pm-slice=\"0 0 []\">Po\u021bi face o dona\u021bie \u00een contul nostru deschis la:<\/p><p><strong data-start=\"1264\" data-end=\"1286\">Banca Transilvania:<br \/><\/strong><br \/>Cont \u00een lei:\u00a0<strong data-start=\"1214\" data-end=\"1225\">RO58BTRLRONCRT0CS9473701<\/strong><br data-start=\"1225\" data-end=\"1228\" \/>Cont \u00een euro:\u00a0<strong data-start=\"1242\" data-end=\"1254\">RO05BTRLEURCRT0CS9473701<br \/><\/strong><br \/>Beneficiar: <strong data-start=\"1242\" data-end=\"1254\">Asocia\u021bia pentru Combaterea \u0219i Tratamentul AVC-ului<\/strong><br \/>CIF: <strong>50257516<\/strong>\u00a0<\/p>\t\t\t\t\t\t\t\t<\/div>\n\t\t\t\t<\/div>\n\t\t\t\t<\/div>\n\t\t\t\t\t<\/div>\n\t\t\t\t<\/div>\n\t\t<div class=\"elementor-element elementor-element-4172cc5 e-flex e-con-boxed wpr-particle-no wpr-jarallax-no wpr-parallax-no wpr-sticky-section-no wpr-equal-height-no e-con e-parent\" data-id=\"4172cc5\" data-element_type=\"container\" data-e-type=\"container\">\n\t\t\t\t\t<div class=\"e-con-inner\">\n\t\t\t\t<div class=\"elementor-element elementor-element-7e17c13 elementor-widget elementor-widget-heading\" data-id=\"7e17c13\" data-element_type=\"widget\" data-e-type=\"widget\" data-widget_type=\"heading.default\">\n\t\t\t\t\t<h2 class=\"elementor-heading-title elementor-size-default\">Implic\u0103-te ca voluntar!<\/h2>\t\t\t\t<\/div>\n\t\t\t\t<div class=\"elementor-element elementor-element-0746a9d fluentform-widget-submit-button-custom elementor-widget elementor-widget-fluent-form-widget\" data-id=\"0746a9d\" data-element_type=\"widget\" data-e-type=\"widget\" data-widget_type=\"fluent-form-widget.default\">\n\t\t\t\t<div class=\"elementor-widget-container\">\n\t\t\t\t\t\n            <div class=\"fluentform-widget-wrapper hide-fluent-form-labels fluentform-widget-align-default\">\n\n            \n            <div class='fluentform ff-default fluentform_wrapper_2 ffs_default_wrap'><form data-form_id=\"2\" id=\"fluentform_2\" class=\"frm-fluent-form fluent_form_2 ff-el-form-top ff_form_instance_2_1 ff-form-loading ffs_default\" data-form_instance=\"ff_form_instance_2_1\" method=\"POST\" ><fieldset  style=\"border: none!important;margin: 0!important;padding: 0!important;background-color: transparent!important;box-shadow: none!important;outline: none!important; min-inline-size: 100%;\">\n                    <legend class=\"ff_screen_reader_title\" style=\"display: block; margin: 0!important;padding: 0!important;height: 0!important;text-indent: -999999px;width: 0!important;overflow:hidden;\">Volunteering Form<\/legend><input type='hidden' name='__fluent_form_embded_post_id' value='1687' \/><input type=\"hidden\" id=\"_fluentform_2_fluentformnonce\" name=\"_fluentform_2_fluentformnonce\" value=\"ca5e06f3d2\" \/><input type=\"hidden\" name=\"_wp_http_referer\" value=\"\/index.php\/wp-json\/wp\/v2\/pages\/1687\" \/><div data-name=\"ff_cn_id_1\"  class='ff-t-container ff-column-container ff_columns_total_2 '><div class='ff-t-cell ff-t-column-1' style='flex-basis: 90%;'><div data-type=\"name-element\" data-name=\"names\" class=\" ff-field_container ff-name-field-wrapper\" ><div class='ff-t-container'><div class='ff-t-cell '><div class='ff-el-group ff-el-form-top'><div class=\"ff-el-input--label ff-el-is-required asterisk-right\"><label for='ff_2_names_first_name_' id='label_ff_2_names_first_name_' >Nume<\/label><\/div><div class='ff-el-input--content'><input type=\"text\" name=\"names[first_name]\" id=\"ff_2_names_first_name_\" class=\"ff-el-form-control\" placeholder=\"Nume\" aria-invalid=\"false\" aria-required=true><\/div><\/div><\/div><div class='ff-t-cell '><div class='ff-el-group ff-el-form-top'><div class=\"ff-el-input--label ff-el-is-required asterisk-right\"><label for='ff_2_names_last_name_' id='label_ff_2_names_last_name_' >Prenume<\/label><\/div><div class='ff-el-input--content'><input type=\"text\" name=\"names[last_name]\" id=\"ff_2_names_last_name_\" class=\"ff-el-form-control\" placeholder=\"Prenume\" aria-invalid=\"false\" aria-required=true><\/div><\/div><\/div><\/div><\/div><div class='ff-el-group'><div class=\"ff-el-input--label ff-el-is-required asterisk-right\"><label for='ff_2_email' id='label_ff_2_email' aria-label=\"Adresa de email\">Adresa de email<\/label><\/div><div class='ff-el-input--content'><input type=\"email\" name=\"email\" id=\"ff_2_email\" class=\"ff-el-form-control\" placeholder=\"Adresa de email\" data-name=\"email\"  aria-invalid=\"false\" aria-required=true><\/div><\/div><div class='ff-el-group    ff-el-input--content'><div class='ff-el-form-check ff-el-tc'><label aria-label='Sunt de acord ca acest site s\u0103 stocheze informa\u021biile trimise pentru a putea r\u0103spunde solicit\u0103rii mele.' class='ff-el-form-check-label ff_tc_label' for=gdpr-agreement_519e7ef9fa6e24d736baa85837582cdc><span class='ff_tc_checkbox'><input type=\"checkbox\" name=\"gdpr-agreement\" class=\"ff-el-form-check-input ff_gdpr_field\" data-name=\"gdpr-agreement\" id=\"gdpr-agreement_519e7ef9fa6e24d736baa85837582cdc\"  value='on' aria-invalid='false' aria-required=true><\/span> <div class='ff_t_c'>Sunt de acord ca acest site s\u0103 stocheze informa\u021biile trimise pentru a putea r\u0103spunde solicit\u0103rii mele.<\/div><\/label><\/div><\/div><div class='ff-el-group ff-text-left ff_submit_btn_wrapper ff_submit_btn_wrapper_custom'><button class=\"ff-btn ff-btn-submit ff-btn-md ff_btn_style wpf_has_custom_css\" type=\"submit\" name=\"custom_submit_button-2_1\" data-name=\"custom_submit_button-2_1\"  aria-label=\"M\u0103 implic\">M\u0103 implic<\/button><style>form.fluent_form_2 .wpf_has_custom_css.ff-btn-submit { background-color:rgba(236, 40, 144, 1);border-color:rgba(236, 40, 144, 1);color:#ffffff;min-width:100%; }form.fluent_form_2 .wpf_has_custom_css.ff-btn-submit:hover { background-color:#ffffff;border-color:#1a7efb;color:#1a7efb;min-width:100%; } <\/style><\/div><\/div><div class='ff-t-cell ff-t-column-2' style='flex-basis: 10%;'><\/div><\/div><\/fieldset><\/form><div id='fluentform_2_errors' class='ff-errors-in-stack ff_form_instance_2_1 ff-form-loading_errors ff_form_instance_2_1_errors'><\/div><\/div>            <script type=\"text\/javascript\">\n                window.fluent_form_ff_form_instance_2_1 = {\"id\":\"2\",\"ajaxUrl\":\"https:\\\/\\\/www.totuldespreavc.ro\\\/wp-admin\\\/admin-ajax.php\",\"settings\":{\"layout\":{\"labelPlacement\":\"top\",\"helpMessagePlacement\":\"with_label\",\"errorMessagePlacement\":\"inline\",\"asteriskPlacement\":\"asterisk-right\"},\"restrictions\":{\"denyEmptySubmission\":{\"enabled\":false}}},\"form_instance\":\"ff_form_instance_2_1\",\"form_id_selector\":\"fluentform_2\",\"rules\":{\"names[first_name]\":{\"required\":{\"value\":true,\"message\":\"Acest c\\u00e2mp este obligatoriu\",\"global_message\":\"This field is required\",\"global\":false}},\"names[middle_name]\":{\"required\":{\"value\":false,\"message\":\"This field is required\",\"global_message\":\"This field is required\",\"global\":true}},\"names[last_name]\":{\"required\":{\"value\":true,\"message\":\"Acest c\\u00e2mp este obligatoriu\",\"global_message\":\"This field is required\",\"global\":false}},\"email\":{\"required\":{\"value\":true,\"message\":\"Acest c\\u00e2mp este obligatoriu\",\"global\":false,\"global_message\":\"This field is required\"},\"email\":{\"value\":true,\"message\":\"Acest c\\u00e2mp trebuie s\\u0103 con\\u021bin\\u0103 o adres\\u0103 de email valid\\u0103\",\"global\":false,\"global_message\":\"This field must contain a valid email\"}},\"gdpr-agreement\":{\"required\":{\"value\":true,\"message\":\"Acest c\\u00e2mp este obligatoriu\",\"global_message\":\"This field is required\",\"global\":false}}},\"debounce_time\":300};\n                            <\/script>\n                        <\/div>\n\n            \t\t\t\t<\/div>\n\t\t\t\t<\/div>\n\t\t\t\t\t<\/div>\n\t\t\t\t<\/div>\n\t\t<div class=\"elementor-element elementor-element-46561ee e-flex e-con-boxed wpr-particle-no wpr-jarallax-no wpr-parallax-no wpr-sticky-section-no wpr-equal-height-no e-con e-parent\" data-id=\"46561ee\" data-element_type=\"container\" data-e-type=\"container\">\n\t\t\t\t\t<div class=\"e-con-inner\">\n\t\t\t\t<div class=\"elementor-element elementor-element-73a6541 elementor-widget elementor-widget-heading\" data-id=\"73a6541\" data-element_type=\"widget\" data-e-type=\"widget\" data-widget_type=\"heading.default\">\n\t\t\t\t\t<h2 class=\"elementor-heading-title elementor-size-default\">Fiecare dona\u021bie conteaz\u0103! \u00ce\u021bi mul\u021bumim pentru sprijin!<\/h2>\t\t\t\t<\/div>\n\t\t\t\t\t<\/div>\n\t\t\t\t<\/div>\n\t\t\t\t<\/div>\n\t\t","protected":false},"excerpt":{"rendered":"<p>Implic\u0103-te Redirec\u021bioneaz\u0103 3.5% din impozit Statul \u00ee\u021bi permite s\u0103 decizi unde merg 3,5% din impozitul pe venit. Dac\u0103 nu alegi, suma r\u0103m\u00e2ne la stat.Redirec\u021bioneaz\u0103 3,5% c\u0103tre Asocia\u021bia ACTA \u0219i sprijin\u0103 pacien\u021bii afecta\u021bi de AVC.P\u00e2n\u0103 la 25 mai, completeaz\u0103 Formularul 230. Completeaz\u0103 formularul online Doneaz\u0103 prin transfer bancar Po\u021bi face o dona\u021bie \u00een contul nostru deschis la: Banca Transilvania:Cont \u00een lei:\u00a0RO58BTRLRONCRT0CS9473701Cont \u00een euro:\u00a0RO05BTRLEURCRT0CS9473701Beneficiar: Asocia\u021bia pentru Combaterea \u0219i Tratamentul AVC-uluiCIF: 50257516\u00a0 Implic\u0103-te ca voluntar! Volunteering Form NumePrenumeAdresa de emailM\u0103 implic Sunt de acord ca acest site s\u0103 stocheze informa\u021biile trimise pentru a putea r\u0103spunde solicit\u0103rii mele. Fiecare dona\u021bie conteaz\u0103! \u00ce\u021bi mul\u021bumim pentru sprijin!<\/p>\n","protected":false},"author":1,"featured_media":0,"parent":0,"menu_order":0,"comment_status":"closed","ping_status":"closed","template":"elementor_canvas","meta":{"footnotes":""},"class_list":["post-1687","page","type-page","status-publish","hentry"],"_links":{"self":[{"href":"https:\/\/www.totuldespreavc.ro\/wp-json\/wp\/v2\/pages\/1687","targetHints":{"allow":["GET"]}}],"collection":[{"href":"https:\/\/www.totuldespreavc.ro\/wp-json\/wp\/v2\/pages"}],"about":[{"href":"https:\/\/www.totuldespreavc.ro\/wp-json\/wp\/v2\/types\/page"}],"author":[{"embeddable":true,"href":"https:\/\/www.totuldespreavc.ro\/wp-json\/wp\/v2\/users\/1"}],"replies":[{"embeddable":true,"href":"https:\/\/www.totuldespreavc.ro\/wp-json\/wp\/v2\/comments?post=1687"}],"version-history":[{"count":59,"href":"https:\/\/www.totuldespreavc.ro\/wp-json\/wp\/v2\/pages\/1687\/revisions"}],"predecessor-version":[{"id":2228,"href":"https:\/\/www.totuldespreavc.ro\/wp-json\/wp\/v2\/pages\/1687\/revisions\/2228"}],"wp:attachment":[{"href":"https:\/\/www.totuldespreavc.ro\/wp-json\/wp\/v2\/media?parent=1687"}],"curies":[{"name":"wp","href":"https:\/\/api.w.org\/{rel}","templated":true}]}}